{"id":482,"date":"2023-02-06T15:38:29","date_gmt":"2023-02-06T13:38:29","guid":{"rendered":"https:\/\/testgillieai.wpcomstaging.com\/?page_id=482"},"modified":"2025-11-15T00:56:48","modified_gmt":"2025-11-14T22:56:48","slug":"privacy","status":"publish","type":"page","link":"https:\/\/www.gillie.io\/fi\/privacy\/","title":{"rendered":"Rekisteri- ja tietosuojaseloste"},"content":{"rendered":"<div id=\"wp-block-themeisle-blocks-advanced-columns-30711454\" class=\"wp-block-themeisle-blocks-advanced-columns has-1-columns has-desktop-equal-layout has-tablet-equal-layout has-mobile-equal-layout has-vertical-unset\">\r\n<div class=\"wp-block-themeisle-blocks-advanced-columns-overlay\">\u00a0<\/div>\r\n<div class=\"innerblocks-wrap\">\r\n<div id=\"wp-block-themeisle-blocks-advanced-column-598089db\" class=\"wp-block-themeisle-blocks-advanced-column\">\r\n<h2 id=\"wp-block-themeisle-blocks-advanced-heading-f5ab7cd9\" class=\"wp-block-themeisle-blocks-advanced-heading wp-block-themeisle-blocks-advanced-heading-f5ab7cd9\">Tietoturva<\/h2>\r\n<\/div>\r\n<\/div>\r\n<\/div>\r\n\r\n\r\n\r\n<div id=\"wp-block-themeisle-blocks-advanced-columns-3946510d\" class=\"wp-block-themeisle-blocks-advanced-columns has-1-columns has-desktop-equal-layout has-tablet-equal-layout has-mobile-equal-layout has-vertical-unset\">\r\n<div class=\"wp-block-themeisle-blocks-advanced-columns-overlay\">\u00a0<\/div>\r\n<div class=\"innerblocks-wrap\">\r\n<div id=\"wp-block-themeisle-blocks-advanced-column-11a2e69e\" class=\"wp-block-themeisle-blocks-advanced-column\">\r\n<div class=\"wp-block-columns is-layout-flex wp-container-core-columns-is-layout-9d6595d7 wp-block-columns-is-layout-flex\">\r\n<div class=\"wp-block-column has-nv-light-bg-background-color has-background is-layout-flow wp-block-column-is-layout-flow\">\r\n<div id=\"wp-block-themeisle-blocks-advanced-columns-f0005717\" class=\"wp-block-themeisle-blocks-advanced-columns has-1-columns has-desktop-equal-layout has-tablet-equal-layout has-mobile-equal-layout has-vertical-unset\">\r\n<div class=\"wp-block-themeisle-blocks-advanced-columns-overlay\">\u00a0<\/div>\r\n<div class=\"innerblocks-wrap\">\r\n<div id=\"wp-block-themeisle-blocks-advanced-column-7662d3e4\" class=\"wp-block-themeisle-blocks-advanced-column\">\r\n<div class=\"wp-block-uagb-info-box uagb-block-5b4e5f29 uagb-infobox__content-wrap  uagb-infobox-icon-above-title uagb-infobox-image-valign-top\">\r\n<div class=\"uagb-ifb-content\">\r\n<div class=\"uagb-ifb-image-content\"><img decoding=\"async\" src=\"\/wp-content\/uploads\/2023\/03\/security.svg\" alt=\"\" width=\"\" height=\"0\" \/><\/div>\r\n<div class=\"uagb-ifb-title-wrap\">\r\n<h3 class=\"uagb-ifb-title\">Kryptattu<\/h3>\r\n<\/div>\r\n<p class=\"uagb-ifb-desc\">Kaikki data on kryptattu sek\u00e4 tietokannassa ett\u00e4 tiedonsiirron aikana.<\/p>\r\n<\/div>\r\n<\/div>\r\n<\/div>\r\n<\/div>\r\n<\/div>\r\n<\/div>\r\n\r\n\r\n\r\n<div class=\"wp-block-column has-nv-light-bg-background-color has-background is-layout-flow wp-block-column-is-layout-flow\">\r\n<div id=\"wp-block-themeisle-blocks-advanced-columns-4f084595\" class=\"wp-block-themeisle-blocks-advanced-columns has-1-columns has-desktop-equal-layout has-tablet-equal-layout has-mobile-equal-layout has-vertical-unset\">\r\n<div class=\"wp-block-themeisle-blocks-advanced-columns-overlay\">\u00a0<\/div>\r\n<div class=\"innerblocks-wrap\">\r\n<div id=\"wp-block-themeisle-blocks-advanced-column-a1073e1a\" class=\"wp-block-themeisle-blocks-advanced-column\">\r\n<div class=\"wp-block-uagb-info-box uagb-block-beaf1790 uagb-infobox__content-wrap  uagb-infobox-icon-above-title uagb-infobox-image-valign-top\">\r\n<div class=\"uagb-ifb-content\">\r\n<div class=\"uagb-ifb-image-content\"><img decoding=\"async\" src=\"\/wp-content\/uploads\/2023\/03\/networking.svg\" alt=\"\" width=\"\" height=\"0\" \/><\/div>\r\n<div class=\"uagb-ifb-title-wrap\">\r\n<h3 class=\"uagb-ifb-title\">Loki<\/h3>\r\n<\/div>\r\n<p class=\"uagb-ifb-desc\">Tietojen katselun ja muuttamisen lokitus.<\/p>\r\n<\/div>\r\n<\/div>\r\n<\/div>\r\n<\/div>\r\n<\/div>\r\n<\/div>\r\n<\/div>\r\n\r\n\r\n\r\n<div class=\"wp-block-columns is-layout-flex wp-container-core-columns-is-layout-9d6595d7 wp-block-columns-is-layout-flex\">\r\n<div class=\"wp-block-column has-nv-light-bg-background-color has-background is-layout-flow wp-block-column-is-layout-flow\">\r\n<div id=\"wp-block-themeisle-blocks-advanced-columns-c0249d57\" class=\"wp-block-themeisle-blocks-advanced-columns has-1-columns has-desktop-equal-layout has-tablet-equal-layout has-mobile-equal-layout has-vertical-unset\">\r\n<div class=\"wp-block-themeisle-blocks-advanced-columns-overlay\">\u00a0<\/div>\r\n<div class=\"innerblocks-wrap\">\r\n<div id=\"wp-block-themeisle-blocks-advanced-column-6c68c0f9\" class=\"wp-block-themeisle-blocks-advanced-column\">\r\n<div class=\"wp-block-uagb-info-box uagb-block-ec963bdb uagb-infobox__content-wrap  uagb-infobox-icon-above-title uagb-infobox-image-valign-top\">\r\n<div class=\"uagb-ifb-content\">\r\n<div class=\"uagb-ifb-image-content\"><img decoding=\"async\" src=\"\/wp-content\/uploads\/2023\/03\/warranty.svg\" alt=\"\" width=\"\" height=\"0\" \/><\/div>\r\n<div class=\"uagb-ifb-title-wrap\">\r\n<h3 class=\"uagb-ifb-title\">Sertifioitu<\/h3>\r\n<\/div>\r\n<p class=\"uagb-ifb-desc\">Gillien palvelimet ovat datakeskuksessa, jolla on useita sertifikaatteja, mm. ISO 27001, PCI sertifikaatti ja SOC raportit.<\/p>\r\n<\/div>\r\n<\/div>\r\n<\/div>\r\n<\/div>\r\n<\/div>\r\n<\/div>\r\n\r\n\r\n\r\n<div class=\"wp-block-column has-nv-light-bg-background-color has-background is-layout-flow wp-block-column-is-layout-flow\">\r\n<div id=\"wp-block-themeisle-blocks-advanced-columns-60a8d738\" class=\"wp-block-themeisle-blocks-advanced-columns has-1-columns has-desktop-equal-layout has-tablet-equal-layout has-mobile-equal-layout has-vertical-unset\">\r\n<div class=\"wp-block-themeisle-blocks-advanced-columns-overlay\">\u00a0<\/div>\r\n<div class=\"innerblocks-wrap\">\r\n<div id=\"wp-block-themeisle-blocks-advanced-column-5d86fc3f\" class=\"wp-block-themeisle-blocks-advanced-column\">\r\n<div class=\"wp-block-uagb-info-box uagb-block-9d217f4b uagb-infobox__content-wrap  uagb-infobox-icon-above-title uagb-infobox-image-valign-top\">\r\n<div class=\"uagb-ifb-content\">\r\n<div class=\"uagb-ifb-image-content\"><img decoding=\"async\" src=\"\/wp-content\/uploads\/2023\/03\/bomb.svg\" alt=\"\" width=\"\" height=\"0\" \/><\/div>\r\n<div class=\"uagb-ifb-title-wrap\">\r\n<h3 class=\"uagb-ifb-title\">Suojattu palvelunestohy\u00f6kk\u00e4yksilt\u00e4<\/h3>\r\n<\/div>\r\n<p class=\"uagb-ifb-desc\">Suojaus palvelunestohy\u00f6kk\u00e4yksi\u00e4 vastaan.<\/p>\r\n<\/div>\r\n<\/div>\r\n<\/div>\r\n<\/div>\r\n<\/div>\r\n<\/div>\r\n<\/div>\r\n\r\n\r\n\r\n<div class=\"wp-block-columns is-layout-flex wp-container-core-columns-is-layout-9d6595d7 wp-block-columns-is-layout-flex\">\r\n<div class=\"wp-block-column has-nv-light-bg-background-color has-background is-layout-flow wp-block-column-is-layout-flow\">\r\n<div id=\"wp-block-themeisle-blocks-advanced-columns-d780c9eb\" class=\"wp-block-themeisle-blocks-advanced-columns has-1-columns has-desktop-equal-layout has-tablet-equal-layout has-mobile-equal-layout has-vertical-unset\">\r\n<div class=\"wp-block-themeisle-blocks-advanced-columns-overlay\">\u00a0<\/div>\r\n<div class=\"innerblocks-wrap\">\r\n<div id=\"wp-block-themeisle-blocks-advanced-column-4b588caa\" class=\"wp-block-themeisle-blocks-advanced-column\">\r\n<div class=\"wp-block-uagb-info-box uagb-block-d39d348e uagb-infobox__content-wrap  uagb-infobox-icon-above-title uagb-infobox-image-valign-top\">\r\n<div class=\"uagb-ifb-content\">\r\n<div class=\"uagb-ifb-image-content\"><img decoding=\"async\" src=\"\/wp-content\/uploads\/2023\/03\/flag.svg\" alt=\"\" width=\"\" height=\"0\" \/><\/div>\r\n<div class=\"uagb-ifb-title-wrap\">\r\n<h3 class=\"uagb-ifb-title\">GDPR:n mukainen<\/h3>\r\n<\/div>\r\n<p class=\"uagb-ifb-desc\">Kaikki tiedot pysyv\u00e4t EU:n alueella.<\/p>\r\n<\/div>\r\n<\/div>\r\n<\/div>\r\n<\/div>\r\n<\/div>\r\n<\/div>\r\n\r\n\r\n\r\n<div class=\"wp-block-column is-layout-flow wp-block-column-is-layout-flow\">\u00a0<\/div>\r\n<\/div>\r\n<\/div>\r\n<\/div>\r\n<\/div>\r\n\r\n\r\n\r\n<div id=\"wp-block-themeisle-blocks-advanced-columns-c13d4163\" class=\"wp-block-themeisle-blocks-advanced-columns has-1-columns has-desktop-equal-layout has-tablet-equal-layout has-mobile-equal-layout has-vertical-unset\">\r\n<div class=\"wp-block-themeisle-blocks-advanced-columns-overlay\">\u00a0<\/div>\r\n<div class=\"innerblocks-wrap\">\r\n<div id=\"wp-block-themeisle-blocks-advanced-column-c1f96688\" class=\"wp-block-themeisle-blocks-advanced-column\">\r\n<h2 id=\"wp-block-themeisle-blocks-advanced-heading-ef543a38\" class=\"wp-block-themeisle-blocks-advanced-heading wp-block-themeisle-blocks-advanced-heading-ef543a38\">Rekisteri- ja tietosuojaseloste<\/h2>\r\n<\/div>\r\n<\/div>\r\n<\/div>\r\n\r\n\r\n\r\n<div id=\"wp-block-themeisle-blocks-advanced-columns-33339327\" class=\"wp-block-themeisle-blocks-advanced-columns has-1-columns has-desktop-equal-layout has-tablet-equal-layout has-mobile-equal-layout has-vertical-unset\">\r\n<div class=\"wp-block-themeisle-blocks-advanced-columns-overlay\">\u00a0<\/div>\r\n<div class=\"innerblocks-wrap\">\r\n<div id=\"wp-block-themeisle-blocks-advanced-column-41d06d6f\" class=\"wp-block-themeisle-blocks-advanced-column\">\r\n<h2 class=\"wp-block-heading\">1. Rekisterinpit\u00e4j\u00e4<\/h2>\r\n\r\n\r\n\r\n<p>Gillie.io Company Oy, y-tunnus 2578745-2 (j\u00e4ljemp\u00e4n\u00e4 \"Yhti\u00f6\")<br \/>c\/o Boffice, Piispansilta 9 A LH 545, 02230 Espoo, Finland<br \/>email: support@gillie.ai<\/p>\r\n\r\n\r\n\r\n<h2 class=\"wp-block-heading\">2. Yhteyshenkil\u00f6 rekisteri\u00e4 koskevissa asioissa<\/h2>\r\n\r\n\r\n\r\n<p>Tietosuojavastaava: Jussi Peltoniemi, jussi.peltoniemi@gillie.ai<\/p>\r\n\r\n\r\n\r\n<h2 class=\"wp-block-heading\">3. Rekisterin nimi<\/h2>\r\n\r\n\r\n\r\n<p>Gillie.AI -palvelu (j\u00e4ljemp\u00e4n\u00e4 \"Gillie.AI\")<\/p>\r\n\r\n\r\n\r\n<h2 class=\"wp-block-heading\">4. Henkil\u00f6tietojen k\u00e4sittelyn tarkoitus<\/h2>\r\n\r\n\r\n\r\n<p>Henkil\u00f6tietojen k\u00e4sittelyn ensisijaisena perusteena on rekister\u00f6idyn ja Yhti\u00f6n v\u00e4linen asiakassuhde, rekister\u00f6idyn suostumus tai muu asiallinen yhteys.<\/p>\r\n\r\n\r\n\r\n<p>Henkil\u00f6tietojen k\u00e4sittelyn tarkoituksena on mahdollistaa se, ett\u00e4 rekister\u00f6ity itse, t\u00e4m\u00e4n valtuuttama kolmas osapuoli tai palveluntuottaja voi toimittaa rekister\u00f6idylle palveluita k\u00e4ytt\u00e4en Yhti\u00f6n s\u00e4hk\u00f6ist\u00e4 portaalia.<\/p>\r\n\r\n\r\n\r\n<p>Gillie.AI mahdollistaa erilaisilla mittalaitteilla tuotetun, rekister\u00f6idyn hyvinvointia, terveydentilaa ja sosiaalista kanssak\u00e4ymist\u00e4 kuvaavan datan kokoamisen ja yhdist\u00e4minen eri tavoin hy\u00f6dynnett\u00e4v\u00e4ksi kokonaisuudeksi.<\/p>\r\n\r\n\r\n\r\n<p>Et\u00e4monitoroinnin avulla osa henkil\u00f6\u00f6n kohdistuvan palvelutapahtuman edellytt\u00e4m\u00e4st\u00e4 tiedosta voidaan koota automatisoidusti.<\/p>\r\n\r\n\r\n\r\n<p>K\u00e4sittelyteht\u00e4vi\u00e4 voidaan ulkoistaa Yhti\u00f6n konserniyhti\u00f6ille ja\/tai ulkopuolisille palveluntarjoajille tietosuojalains\u00e4\u00e4d\u00e4nn\u00f6n mukaisesti ja sen asettamissa rajoissa.<\/p>\r\n\r\n\r\n\r\n<h2 class=\"wp-block-heading\">5. Rekisterin tietosis\u00e4lt\u00f6<\/h2>\r\n\r\n\r\n\r\n<p>Rekister\u00f6ityyn liittyv\u00e4t:<br \/>\u2013 perustiedot (nimi, syntym\u00e4aika ja osoitetiedot<br \/>\u2013 laskutustiedot (luottokorttitiedot)<br \/>\u2013 Gillie.AI:n k\u00e4ytt\u00f6historia (k\u00e4ytetyt palvelut ja palvelutapahtumiin liittyv\u00e4t tiedot)<br \/>\u2013 rekister\u00f6idyn k\u00e4yt\u00f6ss\u00e4 olevien teknisten laitteiden Yhti\u00f6n portaaliin rekister\u00f6idyn suostumuksella v\u00e4litt\u00e4m\u00e4t tiedot<br \/>\u2013 rekister\u00f6idyn itsens\u00e4 Yhti\u00f6n portaaliin tallentamat tiedot<br \/>\u2013 Yhti\u00f6n asiakkaan tai kumppanin rekister\u00f6idyst\u00e4 t\u00e4m\u00e4n suostumuksella Yhti\u00f6n portaaliin tallentamat tiedot<\/p>\r\n\r\n\r\n\r\n<h2 class=\"wp-block-heading\">6. Henkil\u00f6tietojen s\u00e4ilytysaika<\/h2>\r\n\r\n\r\n\r\n<p>Yhti\u00f6 s\u00e4ilytt\u00e4\u00e4 henkil\u00f6tietoja rekisteriss\u00e4 kunnes kohdan 4 mukainen peruste rekister\u00f6idyn osalta voidaan katsoa p\u00e4\u00e4ttyneen.P\u00e4\u00e4ttymisaika m\u00e4\u00e4ritet\u00e4\u00e4n rekister\u00f6idyn tietojen viimeisimm\u00e4st\u00e4 p\u00e4ivitt\u00e4misest\u00e4 Gillien keskeisten liiketoimintalukujen perusteella.<\/p>\r\n\r\n\r\n\r\n<h2 class=\"wp-block-heading\">7. S\u00e4\u00e4nn\u00f6nmukaiset tietol\u00e4hteet<\/h2>\r\n\r\n\r\n\r\n<p>Rekister\u00f6ity itse ja Yhti\u00f6n asiakkaat sek\u00e4 kumppanit.<\/p>\r\n\r\n\r\n\r\n<h2 class=\"wp-block-heading\">8. Tietojen s\u00e4\u00e4nn\u00f6nmukaiset luovutukset ja tietojen siirto EU:n tai ETA:n ulkopuolelle<\/h2>\r\n\r\n\r\n\r\n<p>Henkil\u00f6tietoja ei luovuteta Yhti\u00f6n tai Yhti\u00f6n lukuun toimivien palveluiden ja viestinn\u00e4n tuotantoon, kehitt\u00e4miseen tai yll\u00e4pitoon osallistuvien tahojen ulkopuolelle muuten kuin sopimuksen, erillisen suostumuksen ja\/tai nimenomaisten s\u00e4\u00e4d\u00f6sten mukaan.<\/p>\r\n\r\n\r\n\r\n<p>Henkil\u00f6tietoja ei siirret\u00e4 Euroopan unionin tai Euroopan talousalueen ulkopuolelle.\u00a0<\/p>\r\n\r\n\r\n\r\n<h2 class=\"wp-block-heading\">9. Rekisterin suojauksen periaatteet<\/h2>\r\n\r\n\r\n\r\n<p>S\u00e4hk\u00f6inen k\u00e4ytt\u00e4j\u00e4rekisteri on suojattu salasanoilla ja rekisteri\u00e4 k\u00e4ytt\u00e4vien henkil\u00f6iden k\u00e4ytt\u00e4j\u00e4oikeudet on rajattu henkil\u00f6n teht\u00e4vien mukaan.<\/p>\r\n\r\n\r\n\r\n<h2 class=\"wp-block-heading\">10. Profilointi<\/h2>\r\n\r\n\r\n\r\n<p>Osana rekisteriin tallennettujen henkil\u00f6tietojen k\u00e4sittelytoimia Yhti\u00f6 voi hy\u00f6dynt\u00e4\u00e4 tietoja my\u00f6s profilointitarkoituksissa. Profilointi toteutetaan luomalla rekister\u00f6idylle tunniste, jonka avulla erilaisia palvelun k\u00e4ytt\u00e4misen yhteydess\u00e4 syntyvi\u00e4 rekister\u00f6ity\u00e4 koskevia tietoja voidaan yhdistell\u00e4. Edell\u00e4 kuvatun kaltaisesti luotua profiilia voidaan t\u00e4m\u00e4n j\u00e4lkeen esimerkiksi verrata muista rekister\u00f6idyist\u00e4 luotuihin profiileihin.<\/p>\r\n\r\n\r\n\r\n<p>Profiloinnin tarkoituksena on henkil\u00f6n hyvinvointiin ja terveyteen liittyvien poikkeamien havainnointi ja ennakointi.\u00a0<\/p>\r\n\r\n\r\n\r\n<h2 class=\"wp-block-heading\">11. Rekister\u00f6idyn oikeus vastustaa henkil\u00f6tietojen k\u00e4sittely\u00e4 ja suoramarkkinointia (kielto-oikeus)<\/h2>\r\n\r\n\r\n\r\n<p>Rekister\u00f6idyll\u00e4 on oikeus henkil\u00f6kohtaiseen erityiseen tilanteeseensa liittyen vastustaa itseens\u00e4 kohdistuvaa profilointia ja muita k\u00e4sittelytoimia, joita Yhti\u00f6 kohdistaa rekister\u00f6idyn henkil\u00f6tietoihin silt\u00e4 osin, kun tietojen k\u00e4sittelemisen perusteena on Yhti\u00f6n ja rekister\u00f6idyn v\u00e4linen asiakassuhde. Rekister\u00f6ity voi esitt\u00e4\u00e4 vastustamista koskevan vaatimuksensa kohdan 13 mukaisesti. Rekister\u00f6idyn tulee vaatimuksen yhteydess\u00e4 yksil\u00f6id\u00e4 se erityinen tilanne, johon perustuen h\u00e4n vastustaa k\u00e4sittely\u00e4. Yhti\u00f6 voi kielt\u00e4yty\u00e4 toteuttamasta vastustamista koskevaa pyynt\u00f6\u00e4 laissa s\u00e4\u00e4detyin perustein.<\/p>\r\n\r\n\r\n\r\n<p>Yhti\u00f6 ei k\u00e4yt\u00e4 rekisteri\u00e4 suoramarkkinointiin.<\/p>\r\n\r\n\r\n\r\n<h2 class=\"wp-block-heading\">12. Muut henkil\u00f6tietojen k\u00e4sittelyyn liityv\u00e4t rekister\u00f6idyn oikeudet<\/h2>\r\n\r\n\r\n\r\n<p>12.1 Tarkastusoikeus<\/p>\r\n\r\n\r\n\r\n<p>Rekister\u00f6idyll\u00e4 on oikeus tarkastaa, mit\u00e4 h\u00e4nt\u00e4 koskevia tietoja Yhti\u00f6 rekisteriin on talletettu. Tarkastuspyynt\u00f6 tulee tehd\u00e4 t\u00e4m\u00e4n tietosuojaselosteen kohdan 13 mukaisesti. Tarkastusoikeus voidaan ev\u00e4t\u00e4 laissa s\u00e4\u00e4detyin perustein. Tarkastusoikeuden k\u00e4ytt\u00e4minen on l\u00e4ht\u00f6kohtaisesti maksutonta.<\/p>\r\n\r\n\r\n\r\n<p>12.2 Rekister\u00f6idyn oikeus vaatia tiedon oikaisemista, poistamista tai k\u00e4sittelyn rajoittamista<\/p>\r\n\r\n\r\n\r\n<p>Jos rekister\u00f6ity on gillie.ai -palvelun k\u00e4ytt\u00e4j\u00e4, h\u00e4n voi p\u00e4ivitt\u00e4\u00e4 omia perustietojaan gillie.ai -palvelussa. Silt\u00e4 osin kuin rekister\u00f6ity tai k\u00e4ytt\u00e4j\u00e4 voi toimia itse, h\u00e4nen on ilman aiheetonta viivytyst\u00e4, saatuaan tiedon virheest\u00e4 tai, virheen itse havaittuaan, oma-aloitteisesti oikaistava, poistettava tai t\u00e4ydennett\u00e4v\u00e4 rekisteriss\u00e4 oleva virheellinen, tarpeeton, puutteellinen tai vanhentunut tieto.<\/p>\r\n\r\n\r\n\r\n<p>Silt\u00e4 osin kuin rekister\u00f6ity ei pysty korjaamaan tietoja itse, korjauspyynt\u00f6 tehd\u00e4\u00e4n t\u00e4m\u00e4n tietosuojaselosteen kohdan 13 mukaisesti.<\/p>\r\n\r\n\r\n\r\n<p>Rekister\u00f6idyll\u00e4 on my\u00f6s oikeus vaatia rekisterinpit\u00e4j\u00e4\u00e4 rajoittamaan henkil\u00f6tietojensa k\u00e4sittely\u00e4 esimerkiksi siin\u00e4 tilanteessa, kun rekister\u00f6ity odottaa Yhti\u00f6n vastausta tietojensa oikaisemista tai poistamista koskevaan pyynt\u00f6\u00f6n.<\/p>\r\n\r\n\r\n\r\n<p>12.3 Rekister\u00f6idyn oikeus siirt\u00e4\u00e4 tiedot j\u00e4rjestelm\u00e4st\u00e4 toiseen<\/p>\r\n\r\n\r\n\r\n<p>Silt\u00e4 osin kun rekister\u00f6ity on itse toimittanut rekisteriin tietoja, joita k\u00e4sitell\u00e4\u00e4n rekister\u00f6idyn antaman suostumuksen tai toimeksiannon nojalla, rekister\u00f6idyll\u00e4 on oikeus saada t\u00e4llaiset tiedot itselleen p\u00e4\u00e4s\u00e4\u00e4nt\u00f6isesti koneluettavassa muodossa ja oikeus siirt\u00e4\u00e4 n\u00e4m\u00e4 tiedot toiselle rekisterinpit\u00e4j\u00e4lle.<\/p>\r\n\r\n\r\n\r\n<p>12.4 Rekister\u00f6idyn oikeus tehd\u00e4 valitus valvontaviranomaiselle<\/p>\r\n\r\n\r\n\r\n<p>Rekister\u00f6idyll\u00e4 on oikeus tehd\u00e4 valitus toimivaltaiselle valvontaviranomaiselle, jos rekisterinpit\u00e4j\u00e4 ei ole noudattanut toiminnassaan soveltuvaa tietosuojas\u00e4\u00e4ntely\u00e4.<\/p>\r\n\r\n\r\n\r\n<p>12.5 Muut oikeudet<\/p>\r\n\r\n\r\n\r\n<p>Mik\u00e4li henkil\u00f6tietoja k\u00e4sitell\u00e4\u00e4n rekister\u00f6idyn suostumukseen perustuen, rekister\u00f6idyll\u00e4 on oikeus peruuttaa suostumuksensa ilmoittamalla t\u00e4st\u00e4 Yhti\u00f6lle t\u00e4m\u00e4n tietosuojaselosteen kohdan 13 mukaisesti.<\/p>\r\n\r\n\r\n\r\n<h2 class=\"wp-block-heading\">13. Yhteydenotot<\/h2>\r\n\r\n\r\n\r\n<p>Kaikissa henkil\u00f6tietojen k\u00e4sittelyyn liittyviss\u00e4 kysymyksiss\u00e4 ja omien oikeuksien k\u00e4ytt\u00e4miseen liittyviss\u00e4 tilanteissa rekister\u00f6idyn tulee ottaa yhteytt\u00e4 Yhti\u00f6\u00f6n kohdan 1 mukaisesti. Yhti\u00f6 voi tarvittaessa pyyt\u00e4\u00e4 rekister\u00f6ity\u00e4 t\u00e4sment\u00e4m\u00e4\u00e4n pyynt\u00f6\u00e4\u00e4n kirjallisesti ja rekister\u00f6idyn henkil\u00f6llisyys voidaan tarpeen vaatiessa varmentaa ennen muihin toimenpiteisiin ryhtymist\u00e4.<\/p>\r\n<\/div>\r\n<\/div>\r\n<\/div>","protected":false},"excerpt":{"rendered":"","protected":false},"author":226723938,"featured_media":0,"parent":0,"menu_order":0,"comment_status":"closed","ping_status":"closed","template":"","meta":{"_uag_custom_page_level_css":"","neve_meta_sidebar":"","neve_meta_container":"","neve_meta_enable_content_width":"off","neve_meta_content_width":100,"neve_meta_title_alignment":"","neve_meta_author_avatar":"","neve_post_elements_order":"","neve_meta_disable_header":"","neve_meta_disable_footer":"","neve_meta_disable_title":"","neve_meta_reading_time":"","_themeisle_gutenberg_block_has_review":false,"footnotes":""},"class_list":["post-482","page","type-page","status-publish","hentry"],"uagb_featured_image_src":{"full":false,"thumbnail":false,"medium":false,"medium_large":false,"large":false,"1536x1536":false,"2048x2048":false,"trp-custom-language-flag":false,"neve-blog":false},"uagb_author_info":{"display_name":"gillieai","author_link":"https:\/\/www.gillie.io\/fi\/author\/gillieai\/"},"uagb_comment_info":0,"uagb_excerpt":null,"_links":{"self":[{"href":"https:\/\/www.gillie.io\/fi\/wp-json\/wp\/v2\/pages\/482","targetHints":{"allow":["GET"]}}],"collection":[{"href":"https:\/\/www.gillie.io\/fi\/wp-json\/wp\/v2\/pages"}],"about":[{"href":"https:\/\/www.gillie.io\/fi\/wp-json\/wp\/v2\/types\/page"}],"author":[{"embeddable":true,"href":"https:\/\/www.gillie.io\/fi\/wp-json\/wp\/v2\/users\/226723938"}],"replies":[{"embeddable":true,"href":"https:\/\/www.gillie.io\/fi\/wp-json\/wp\/v2\/comments?post=482"}],"version-history":[{"count":124,"href":"https:\/\/www.gillie.io\/fi\/wp-json\/wp\/v2\/pages\/482\/revisions"}],"predecessor-version":[{"id":2979,"href":"https:\/\/www.gillie.io\/fi\/wp-json\/wp\/v2\/pages\/482\/revisions\/2979"}],"wp:attachment":[{"href":"https:\/\/www.gillie.io\/fi\/wp-json\/wp\/v2\/media?parent=482"}],"curies":[{"name":"wp","href":"https:\/\/api.w.org\/{rel}","templated":true}]}}