{"id":2631,"date":"2023-04-06T17:01:36","date_gmt":"2023-04-06T14:01:36","guid":{"rendered":"http:\/\/dev16.local\/?page_id=2631"},"modified":"2025-11-21T01:48:02","modified_gmt":"2025-11-20T23:48:02","slug":"case-hovi-group","status":"publish","type":"page","link":"https:\/\/www.gillie.io\/fi\/case-hovi-group\/","title":{"rendered":"Case Hovi Group"},"content":{"rendered":"<div class=\"wp-block-cover is-light has-custom-content-position is-position-bottom-left\"><span aria-hidden=\"true\" class=\"wp-block-cover__background has-background-dim-0 has-background-dim\"><\/span><img loading=\"lazy\" decoding=\"async\" width=\"2121\" height=\"1414\" class=\"wp-block-cover__image-background wp-image-2680\" alt=\"\" src=\"\/wp-content\/uploads\/2023\/04\/case-smiling.jpg\" style=\"object-position:27% 53%\" data-object-fit=\"cover\" data-object-position=\"27% 53%\" srcset=\"https:\/\/www.gillie.io\/wp-content\/uploads\/2023\/04\/case-smiling.jpg 2121w, https:\/\/www.gillie.io\/wp-content\/uploads\/2023\/04\/case-smiling-300x200.jpg 300w, https:\/\/www.gillie.io\/wp-content\/uploads\/2023\/04\/case-smiling-1024x683.jpg 1024w, https:\/\/www.gillie.io\/wp-content\/uploads\/2023\/04\/case-smiling-768x512.jpg 768w, https:\/\/www.gillie.io\/wp-content\/uploads\/2023\/04\/case-smiling-1536x1024.jpg 1536w, https:\/\/www.gillie.io\/wp-content\/uploads\/2023\/04\/case-smiling-2048x1365.jpg 2048w, https:\/\/www.gillie.io\/wp-content\/uploads\/2023\/04\/case-smiling-18x12.jpg 18w, https:\/\/www.gillie.io\/wp-content\/uploads\/2023\/04\/case-smiling-930x620.jpg 930w\" sizes=\"auto, (max-width: 2121px) 100vw, 2121px\" \/><div class=\"wp-block-cover__inner-container is-layout-flow wp-block-cover-is-layout-flow\">\r\n\r\n<div id=\"wp-block-themeisle-blocks-advanced-columns-f339aa63\" class=\"wp-block-themeisle-blocks-advanced-columns has-1-columns has-desktop-equal-layout has-tablet-equal-layout has-mobile-equal-layout has-vertical-unset\"><div class=\"wp-block-themeisle-blocks-advanced-columns-overlay\"><\/div><div class=\"innerblocks-wrap\">\r\n\r\n<div id=\"wp-block-themeisle-blocks-advanced-column-4010f3d5\" class=\"wp-block-themeisle-blocks-advanced-column\">\r\n\r\n<h2 id=\"wp-block-themeisle-blocks-advanced-heading-66bd9e7a\" class=\"wp-block-themeisle-blocks-advanced-heading wp-block-themeisle-blocks-advanced-heading-66bd9e7a\">HoviKoti<\/h2>\r\n\r\n<\/div>\r\n\r\n<\/div><\/div>\r\n\r\n<\/div><\/div>\r\n\r\n\r\n\r\n<div id=\"wp-block-themeisle-blocks-advanced-columns-63ac7a5d\" class=\"wp-block-themeisle-blocks-advanced-columns has-2-columns has-desktop-oneTwo-layout has-tablet-equal-layout has-mobile-collapsedRows-layout has-vertical-unset\"><div class=\"wp-block-themeisle-blocks-advanced-columns-overlay\"><\/div><div class=\"innerblocks-wrap\">\r\n<div id=\"wp-block-themeisle-blocks-advanced-column-5534f300\" class=\"wp-block-themeisle-blocks-advanced-column\">\r\n<div id=\"wp-block-themeisle-blocks-advanced-columns-d891f994\" class=\"wp-block-themeisle-blocks-advanced-columns has-1-columns has-desktop-equal-layout has-tablet-equal-layout has-mobile-equal-layout has-vertical-unset\"><div class=\"wp-block-themeisle-blocks-advanced-columns-overlay\"><\/div><div class=\"innerblocks-wrap\">\r\n<div id=\"wp-block-themeisle-blocks-advanced-column-d0f2a85a\" class=\"wp-block-themeisle-blocks-advanced-column\"><div class=\"wp-block-image is-style-rounded\">\r\n<figure class=\"aligncenter size-thumbnail\"><img decoding=\"async\" src=\"\/wp-content\/uploads\/2023\/03\/samuel-edited-150x150.jpg\" alt=\"\" class=\"wp-image-1955\"\/><figcaption class=\"wp-element-caption\">Samuel Kivikari<br>samuel.kivikari@gillie.ai<\/figcaption><\/figure><\/div>\r\n\r\n\r\n<div class=\"wp-block-uagb-buttons uagb-buttons__outer-wrap uagb-btn__small-btn uagb-btn-tablet__default-btn uagb-btn-mobile__default-btn uagb-block-c88c2890\"><div class=\"uagb-buttons__wrap uagb-buttons-layout-wrap\">\r\n\r\n<\/div><\/div>\r\n<\/div>\r\n<\/div><\/div>\r\n<\/div>\r\n\r\n\r\n\r\n<div id=\"wp-block-themeisle-blocks-advanced-column-320cb571\" class=\"wp-block-themeisle-blocks-advanced-column\">\r\n<h3 id=\"wp-block-themeisle-blocks-advanced-heading-71a6dd08\" class=\"wp-block-themeisle-blocks-advanced-heading wp-block-themeisle-blocks-advanced-heading-71a6dd08\">Haaste<\/h3>\r\n\r\n\r\n\r\n<p id=\"wp-block-themeisle-blocks-advanced-heading-27d23423\" class=\"wp-block-themeisle-blocks-advanced-heading wp-block-themeisle-blocks-advanced-heading-27d23423\">HoviKodin tavoitteena on tarjota sek\u00e4 korkeaa, ett\u00e4 tasalaatuista asiakaspalvelua yksik\u00f6st\u00e4 riippumatta. Useamman kodin kanssa seuraamisesta voi tulla haastavaa. HoviKodissa asiakkaiden kanssa ollaan p\u00e4ivitt\u00e4in l\u00e4heisiss\u00e4 tekemisiss\u00e4 ja osaava henkil\u00f6st\u00f6 saa hienosti kiinni lyhyen aikav\u00e4lin muutokset asiakkan terveydess\u00e4 ja hyvinvoinnissa, mutta pitk\u00e4n aikav\u00e4lin muutoksien havaitseminen vaatii enemm\u00e4n aikaa ja tarkkaavaisuutta.<\/p>\r\n\r\n\r\n\r\n<h3 id=\"wp-block-themeisle-blocks-advanced-heading-367a565b\" class=\"wp-block-themeisle-blocks-advanced-heading wp-block-themeisle-blocks-advanced-heading-367a565b\">Ratkaisu<\/h3>\r\n\r\n\r\n\r\n<p id=\"wp-block-themeisle-blocks-advanced-heading-ab4df0d6\" class=\"wp-block-themeisle-blocks-advanced-heading wp-block-themeisle-blocks-advanced-heading-ab4df0d6\">Teko\u00e4ly tunnistaa asiakkaan terveydentilan muutoksia lyhyell\u00e4 ja pitk\u00e4ll\u00e4 aikav\u00e4lill\u00e4. Teko\u00e4lyn avulla on onnistuttu l\u00f6yt\u00e4m\u00e4\u00e4n trendimuutoksia asiakkaan voinnissa ja vitaaleissa, mik\u00e4 on mahdollistanut l\u00e4\u00e4kityksi\u00e4 uudelleen arvioinnin sek\u00e4 porautumisen syvemm\u00e4lle muutoksen juurisyihin Ratkaisu pit\u00e4\u00e4 sis\u00e4ll\u00e4\u00e4n my\u00f6s tilastotoiminnallisuuksia, joiden avulla pystyt\u00e4\u00e4n vertaamaan yksik\u00f6iden v\u00e4lisi\u00e4 eroja. Terveydentilan lis\u00e4ksi teko\u00e4ly seuraa my\u00f6s asiakkaiden kokemaa el\u00e4m\u00e4nlaatua useammalla eri mittarilla ja tarjoaa siten my\u00f6s tilastoja siit\u00e4, miten asiakkaat kokevat oman el\u00e4m\u00e4ns\u00e4 laadun.\u00a0\u00a0<\/p>\r\n\r\n\r\n\r\n<h3 id=\"wp-block-themeisle-blocks-advanced-heading-d3256ca7\" class=\"wp-block-themeisle-blocks-advanced-heading wp-block-themeisle-blocks-advanced-heading-d3256ca7\">Asiakkaasta<\/h3>\r\n\r\n\r\n\r\n<p id=\"wp-block-themeisle-blocks-advanced-heading-d9ab45bd\" class=\"wp-block-themeisle-blocks-advanced-heading wp-block-themeisle-blocks-advanced-heading-d9ab45bd\">HoviKoti on edistyksellinen ja ketter\u00e4 hoivapalvelujen kehitt\u00e4j\u00e4. Sen kotimaiset palveluyksik\u00f6t tuottavat laajasti erilaisia hoiva- ja hyvinvointipalveluja kuten tehostettua palveluasumista, palveluasumista y\u00f6partiolla, kotipalveluita, tuettua ja autettua asumista sek\u00e4 jaksohoitoa. Palvelemme mm. ik\u00e4ihmisi\u00e4, kehitysvammaisia ja mielenterveyskuntoutujia<\/p>\r\n<\/div>\r\n<\/div><\/div>","protected":false},"excerpt":{"rendered":"","protected":false},"author":226723938,"featured_media":0,"parent":0,"menu_order":0,"comment_status":"closed","ping_status":"closed","template":"","meta":{"_uag_custom_page_level_css":"","neve_meta_sidebar":"","neve_meta_container":"","neve_meta_enable_content_width":"off","neve_meta_content_width":100,"neve_meta_title_alignment":"","neve_meta_author_avatar":"","neve_post_elements_order":"","neve_meta_disable_header":"","neve_meta_disable_footer":"","neve_meta_disable_title":"","neve_meta_reading_time":"","_themeisle_gutenberg_block_has_review":false,"footnotes":""},"class_list":["post-2631","page","type-page","status-publish","hentry"],"uagb_featured_image_src":{"full":false,"thumbnail":false,"medium":false,"medium_large":false,"large":false,"1536x1536":false,"2048x2048":false,"trp-custom-language-flag":false,"neve-blog":false},"uagb_author_info":{"display_name":"gillieai","author_link":"https:\/\/www.gillie.io\/fi\/author\/gillieai\/"},"uagb_comment_info":0,"uagb_excerpt":null,"_links":{"self":[{"href":"https:\/\/www.gillie.io\/fi\/wp-json\/wp\/v2\/pages\/2631","targetHints":{"allow":["GET"]}}],"collection":[{"href":"https:\/\/www.gillie.io\/fi\/wp-json\/wp\/v2\/pages"}],"about":[{"href":"https:\/\/www.gillie.io\/fi\/wp-json\/wp\/v2\/types\/page"}],"author":[{"embeddable":true,"href":"https:\/\/www.gillie.io\/fi\/wp-json\/wp\/v2\/users\/226723938"}],"replies":[{"embeddable":true,"href":"https:\/\/www.gillie.io\/fi\/wp-json\/wp\/v2\/comments?post=2631"}],"version-history":[{"count":8,"href":"https:\/\/www.gillie.io\/fi\/wp-json\/wp\/v2\/pages\/2631\/revisions"}],"predecessor-version":[{"id":3003,"href":"https:\/\/www.gillie.io\/fi\/wp-json\/wp\/v2\/pages\/2631\/revisions\/3003"}],"wp:attachment":[{"href":"https:\/\/www.gillie.io\/fi\/wp-json\/wp\/v2\/media?parent=2631"}],"curies":[{"name":"wp","href":"https:\/\/api.w.org\/{rel}","templated":true}]}}