{"id":1900,"date":"2023-02-21T02:15:28","date_gmt":"2023-02-21T00:15:28","guid":{"rendered":"https:\/\/testgillieai.wpcomstaging.com\/?page_id=1900"},"modified":"2025-11-21T01:47:08","modified_gmt":"2025-11-20T23:47:08","slug":"case-paijat-sote","status":"publish","type":"page","link":"https:\/\/www.gillie.io\/fi\/case-paijat-sote\/","title":{"rendered":"Case &#8211; Paijat Sote"},"content":{"rendered":"<div class=\"wp-block-cover is-light has-custom-content-position is-position-bottom-left\"><span aria-hidden=\"true\" class=\"wp-block-cover__background has-background-dim-0 has-background-dim\"><\/span><img loading=\"lazy\" decoding=\"async\" width=\"2121\" height=\"1414\" class=\"wp-block-cover__image-background wp-image-2656\" alt=\"\" src=\"\/wp-content\/uploads\/2023\/04\/case-medication.jpg\" data-object-fit=\"cover\" srcset=\"https:\/\/www.gillie.io\/wp-content\/uploads\/2023\/04\/case-medication.jpg 2121w, https:\/\/www.gillie.io\/wp-content\/uploads\/2023\/04\/case-medication-300x200.jpg 300w, https:\/\/www.gillie.io\/wp-content\/uploads\/2023\/04\/case-medication-1024x683.jpg 1024w, https:\/\/www.gillie.io\/wp-content\/uploads\/2023\/04\/case-medication-768x512.jpg 768w, https:\/\/www.gillie.io\/wp-content\/uploads\/2023\/04\/case-medication-1536x1024.jpg 1536w, https:\/\/www.gillie.io\/wp-content\/uploads\/2023\/04\/case-medication-2048x1365.jpg 2048w, https:\/\/www.gillie.io\/wp-content\/uploads\/2023\/04\/case-medication-18x12.jpg 18w, https:\/\/www.gillie.io\/wp-content\/uploads\/2023\/04\/case-medication-930x620.jpg 930w\" sizes=\"auto, (max-width: 2121px) 100vw, 2121px\" \/><div class=\"wp-block-cover__inner-container is-layout-flow wp-block-cover-is-layout-flow\">\r\n\r\n<div id=\"wp-block-themeisle-blocks-advanced-columns-f339aa63\" class=\"wp-block-themeisle-blocks-advanced-columns has-1-columns has-desktop-equal-layout has-tablet-equal-layout has-mobile-equal-layout has-vertical-unset\"><div class=\"wp-block-themeisle-blocks-advanced-columns-overlay\"><\/div><div class=\"innerblocks-wrap\">\r\n\r\n<div id=\"wp-block-themeisle-blocks-advanced-column-4010f3d5\" class=\"wp-block-themeisle-blocks-advanced-column\">\r\n\r\n<h2 id=\"wp-block-themeisle-blocks-advanced-heading-66bd9e7a\" class=\"wp-block-themeisle-blocks-advanced-heading wp-block-themeisle-blocks-advanced-heading-66bd9e7a\">P\u00e4ij\u00e4t-H\u00e4meen hyvinvointialue<\/h2>\r\n\r\n<\/div>\r\n\r\n<\/div><\/div>\r\n\r\n<\/div><\/div>\r\n\r\n\r\n\r\n<div id=\"wp-block-themeisle-blocks-advanced-columns-63ac7a5d\" class=\"wp-block-themeisle-blocks-advanced-columns has-2-columns has-desktop-oneTwo-layout has-tablet-equal-layout has-mobile-collapsedRows-layout has-vertical-unset has-light-bg\"><div class=\"wp-block-themeisle-blocks-advanced-columns-overlay\"><\/div><div class=\"innerblocks-wrap\">\r\n<div id=\"wp-block-themeisle-blocks-advanced-column-5534f300\" class=\"wp-block-themeisle-blocks-advanced-column\">\r\n<div id=\"wp-block-themeisle-blocks-advanced-columns-d891f994\" class=\"wp-block-themeisle-blocks-advanced-columns has-1-columns has-desktop-equal-layout has-tablet-equal-layout has-mobile-equal-layout has-vertical-unset\"><div class=\"wp-block-themeisle-blocks-advanced-columns-overlay\"><\/div><div class=\"innerblocks-wrap\">\r\n<div id=\"wp-block-themeisle-blocks-advanced-column-d0f2a85a\" class=\"wp-block-themeisle-blocks-advanced-column\"><div class=\"wp-block-image is-style-rounded\">\r\n<figure class=\"aligncenter size-thumbnail\"><img decoding=\"async\" src=\"\/wp-content\/uploads\/2023\/03\/samuel-edited-150x150.jpg\" alt=\"\" class=\"wp-image-1955\"\/><figcaption class=\"wp-element-caption\">Samuel Kivikari<br>samuel.kivikari@gillie.ai<\/figcaption><\/figure><\/div>\r\n\r\n\r\n<div class=\"wp-block-uagb-buttons uagb-buttons__outer-wrap uagb-btn__small-btn uagb-btn-tablet__default-btn uagb-btn-mobile__default-btn uagb-block-e10c0fef\"><div class=\"uagb-buttons__wrap uagb-buttons-layout-wrap\">\r\n\r\n<\/div><\/div>\r\n<\/div>\r\n<\/div><\/div>\r\n<\/div>\r\n\r\n\r\n\r\n<div id=\"wp-block-themeisle-blocks-advanced-column-320cb571\" class=\"wp-block-themeisle-blocks-advanced-column has-light-bg\">\r\n<h3 id=\"wp-block-themeisle-blocks-advanced-heading-71a6dd08\" class=\"wp-block-themeisle-blocks-advanced-heading wp-block-themeisle-blocks-advanced-heading-71a6dd08\">Haaste<\/h3>\r\n\r\n\r\n\r\n<p id=\"wp-block-themeisle-blocks-advanced-heading-27d23423\" class=\"wp-block-themeisle-blocks-advanced-heading wp-block-themeisle-blocks-advanced-heading-27d23423\">L\u00e4\u00e4kitysturvallisuuden parantamiseksi P\u00e4ij\u00e4t-H\u00e4meen hyvinvointialueella tehd\u00e4\u00e4n l\u00e4\u00e4kehoidon arviointeja osana farmaseuttien ty\u00f6teht\u00e4vi\u00e4. Yleens\u00e4 l\u00e4\u00e4kkeiden m\u00e4\u00e4r\u00e4\u00e4misvaiheessa l\u00e4\u00e4kitys on asiakkaan kannalta soveltuva, mutta ajan mukana tulevat muutokset terveydentilassa voivat muuttaa aikaisempien l\u00e4\u00e4kkeiden soveltuvuutta. Ik\u00e4\u00e4ntyess\u00e4 l\u00e4\u00e4kehoitoa vaativat pitk\u00e4aikaiset sairaudet usein lis\u00e4\u00e4ntyv\u00e4t ja k\u00e4yt\u00f6ss\u00e4 voi olla monia l\u00e4\u00e4kkeit\u00e4. Oikein toteutettuna useiden l\u00e4\u00e4kkeiden k\u00e4ytt\u00e4minen on kuitenkin turvallista, mutta mit\u00e4 suurempi m\u00e4\u00e4r\u00e4 erilaisia l\u00e4\u00e4kkeit\u00e4 on, sit\u00e4 enemm\u00e4n niiden l\u00e4pik\u00e4yminen vaatii ammattilaisen aikaa.\u00a0<\/p>\r\n\r\n\r\n\r\n<p id=\"wp-block-themeisle-blocks-advanced-heading-d984a466\" class=\"wp-block-themeisle-blocks-advanced-heading wp-block-themeisle-blocks-advanced-heading-d984a466\">Farmaseutit seulovat kotiin viet\u00e4vien palveluiden piiriss\u00e4 olevia asiakkaita, jotka voivat olla riskiss\u00e4 l\u00e4\u00e4kepoikkeamille. Asiakkaat valitaan seulottavaksi esimerkiksi uusien laboratoriotulosten perusteella tai suuren l\u00e4\u00e4kem\u00e4\u00e4r\u00e4n kohdalla, mutta varmuudella ei voi tiet\u00e4\u00e4 onko henkil\u00f6ll\u00e4 poikkeamia l\u00e4\u00e4kityksess\u00e4 ennen ty\u00f6aikainvestointia. L\u00e4\u00e4kityksen tarkastaminen vie aikaa vaihtelevasti 30 minuutista jopa useaan tuntiin ja lopputuloksena voi olla, ett\u00e4 henkil\u00f6lt\u00e4 ei l\u00f6ydy l\u00e4\u00e4kityksest\u00e4 mit\u00e4\u00e4n muutettavaa ja l\u00e4\u00e4kitys on siis kunnossa ja tarkoituksenmukainen.\u00a0<\/p>\r\n\r\n\r\n\r\n<h3 id=\"wp-block-themeisle-blocks-advanced-heading-367a565b\" class=\"wp-block-themeisle-blocks-advanced-heading wp-block-themeisle-blocks-advanced-heading-367a565b\">Ratkaisu<\/h3>\r\n\r\n\r\n\r\n<p id=\"wp-block-themeisle-blocks-advanced-heading-ab4df0d6\" class=\"wp-block-themeisle-blocks-advanced-heading wp-block-themeisle-blocks-advanced-heading-ab4df0d6\">Teko\u00e4lyn avulla on mahdollista l\u00f6yt\u00e4\u00e4 automaattisesti asiakkaiden mahdollisia l\u00e4\u00e4kepoikkeamia h\u00e4nest\u00e4 hoidon yhteydess\u00e4 ker\u00e4tyn tiedon perusteella. Usein l\u00e4\u00e4kkeen m\u00e4\u00e4r\u00e4\u00e4misen yhteydess\u00e4 asiakkaan l\u00e4\u00e4kitykset ovat kunnossa, mutta henkil\u00f6n laboratoriotulokset ja\/tai diagnoosit saattavat muuttaa l\u00e4\u00e4kkeiden sopivuutta. Kun teko\u00e4ly saa tiedon asiakkaan l\u00e4\u00e4kkeist\u00e4, diagnooseista, laboratoriotuloksista ja k\u00e4yntikirjauksista, pystyy se kertomaan mik\u00e4li l\u00e4\u00e4kitys ei en\u00e4\u00e4 v\u00e4ltt\u00e4m\u00e4tt\u00e4 sovi henkil\u00f6lle uuden tiedon valossa ja l\u00e4\u00e4kityst\u00e4 pit\u00e4\u00e4 arvioida tarkemmin, tai jos k\u00e4yntikirjauksista huomataan uusien l\u00e4\u00e4kkeiden sivuvaikutusten aktivoitumista.\u00a0<\/p>\r\n\r\n\r\n\r\n<h3 id=\"wp-block-themeisle-blocks-advanced-heading-d3256ca7\" class=\"wp-block-themeisle-blocks-advanced-heading wp-block-themeisle-blocks-advanced-heading-d3256ca7\">Asiakkaasta<\/h3>\r\n\r\n\r\n\r\n<p id=\"wp-block-themeisle-blocks-advanced-heading-d9ab45bd\" class=\"wp-block-themeisle-blocks-advanced-heading wp-block-themeisle-blocks-advanced-heading-d9ab45bd\">P\u00e4ij\u00e4t-H\u00e4meen hyvinvointialue tuottaa, kehitt\u00e4\u00e4 ja j\u00e4rjest\u00e4\u00e4 sosiaali- ja terveyspalvelut 10 kunnan alueella yli 200 tuhannelle asukkaalle. Hyvinvointialue on kunnista ja valtiosta erillinen julkisoikeudellinen yhteis\u00f6, jolla on alueellaan itsehallinto. Suomessa on 21 hyvinvointialuetta.<\/p>\r\n<\/div>\r\n<\/div><\/div>","protected":false},"excerpt":{"rendered":"","protected":false},"author":226723938,"featured_media":0,"parent":0,"menu_order":0,"comment_status":"closed","ping_status":"closed","template":"","meta":{"_uag_custom_page_level_css":"","neve_meta_sidebar":"","neve_meta_container":"","neve_meta_enable_content_width":"off","neve_meta_content_width":100,"neve_meta_title_alignment":"","neve_meta_author_avatar":"","neve_post_elements_order":"","neve_meta_disable_header":"","neve_meta_disable_footer":"","neve_meta_disable_title":"","neve_meta_reading_time":"","_themeisle_gutenberg_block_has_review":false,"footnotes":""},"class_list":["post-1900","page","type-page","status-publish","hentry"],"uagb_featured_image_src":{"full":false,"thumbnail":false,"medium":false,"medium_large":false,"large":false,"1536x1536":false,"2048x2048":false,"trp-custom-language-flag":false,"neve-blog":false},"uagb_author_info":{"display_name":"gillieai","author_link":"https:\/\/www.gillie.io\/fi\/author\/gillieai\/"},"uagb_comment_info":0,"uagb_excerpt":null,"_links":{"self":[{"href":"https:\/\/www.gillie.io\/fi\/wp-json\/wp\/v2\/pages\/1900","targetHints":{"allow":["GET"]}}],"collection":[{"href":"https:\/\/www.gillie.io\/fi\/wp-json\/wp\/v2\/pages"}],"about":[{"href":"https:\/\/www.gillie.io\/fi\/wp-json\/wp\/v2\/types\/page"}],"author":[{"embeddable":true,"href":"https:\/\/www.gillie.io\/fi\/wp-json\/wp\/v2\/users\/226723938"}],"replies":[{"embeddable":true,"href":"https:\/\/www.gillie.io\/fi\/wp-json\/wp\/v2\/comments?post=1900"}],"version-history":[{"count":77,"href":"https:\/\/www.gillie.io\/fi\/wp-json\/wp\/v2\/pages\/1900\/revisions"}],"predecessor-version":[{"id":3001,"href":"https:\/\/www.gillie.io\/fi\/wp-json\/wp\/v2\/pages\/1900\/revisions\/3001"}],"wp:attachment":[{"href":"https:\/\/www.gillie.io\/fi\/wp-json\/wp\/v2\/media?parent=1900"}],"curies":[{"name":"wp","href":"https:\/\/api.w.org\/{rel}","templated":true}]}}