{"id":1596,"date":"2023-02-16T14:45:52","date_gmt":"2023-02-16T12:45:52","guid":{"rendered":"https:\/\/testgillieai.wpcomstaging.com\/?page_id=1596"},"modified":"2025-11-14T18:03:12","modified_gmt":"2025-11-14T16:03:12","slug":"medication-deviations","status":"publish","type":"page","link":"https:\/\/www.gillie.io\/fi\/medication-deviations\/","title":{"rendered":"Medication"},"content":{"rendered":"<div class=\"wp-block-cover is-light has-custom-content-position is-position-bottom-left\"><img loading=\"lazy\" decoding=\"async\" width=\"2241\" height=\"1338\" class=\"wp-block-cover__image-background wp-image-1695\" alt=\"\" src=\"https:\/\/dev16.local\/wp-content\/uploads\/2023\/03\/medication.jpg\" style=\"object-position:31% 6%\" data-object-fit=\"cover\" data-object-position=\"31% 6%\" srcset=\"https:\/\/www.gillie.io\/wp-content\/uploads\/2023\/03\/medication.jpg 2241w, https:\/\/www.gillie.io\/wp-content\/uploads\/2023\/03\/medication-300x179.jpg 300w, https:\/\/www.gillie.io\/wp-content\/uploads\/2023\/03\/medication-1024x611.jpg 1024w, https:\/\/www.gillie.io\/wp-content\/uploads\/2023\/03\/medication-768x459.jpg 768w, https:\/\/www.gillie.io\/wp-content\/uploads\/2023\/03\/medication-1536x917.jpg 1536w, https:\/\/www.gillie.io\/wp-content\/uploads\/2023\/03\/medication-2048x1223.jpg 2048w, https:\/\/www.gillie.io\/wp-content\/uploads\/2023\/03\/medication-18x12.jpg 18w, https:\/\/www.gillie.io\/wp-content\/uploads\/2023\/03\/medication-1200x716.jpg 1200w\" sizes=\"auto, (max-width: 2241px) 100vw, 2241px\" \/><span aria-hidden=\"true\" class=\"wp-block-cover__background has-background-dim-0 has-background-dim\"><\/span><div class=\"wp-block-cover__inner-container is-layout-flow wp-block-cover-is-layout-flow\">\n<div id=\"wp-block-themeisle-blocks-advanced-columns-b799533d\" class=\"wp-block-themeisle-blocks-advanced-columns has-1-columns has-desktop-equal-layout has-tablet-equal-layout has-mobile-equal-layout has-vertical-unset\"><div class=\"wp-block-themeisle-blocks-advanced-columns-overlay\"><\/div><div class=\"innerblocks-wrap\">\n<div id=\"wp-block-themeisle-blocks-advanced-column-13a4b36c\" class=\"wp-block-themeisle-blocks-advanced-column\">\n<h2 id=\"wp-block-themeisle-blocks-advanced-heading-91d2f029\" class=\"wp-block-themeisle-blocks-advanced-heading wp-block-themeisle-blocks-advanced-heading-91d2f029\">Teko\u00e4ly l\u00e4\u00e4kitykseen<\/h2>\n<\/div>\n<\/div><\/div>\n<\/div><\/div>\n\n\n\n<h2 id=\"wp-block-themeisle-blocks-advanced-heading-7065ae14\" class=\"wp-block-themeisle-blocks-advanced-heading wp-block-themeisle-blocks-advanced-heading-7065ae14 has-light-bg\"><strong>Yksinkertainen l\u00e4\u00e4ketiedon hakuty\u00f6kalu<\/strong><\/h2>\n\n\n\n<div class=\"wp-block-columns is-layout-flex wp-container-core-columns-is-layout-9d6595d7 wp-block-columns-is-layout-flex\">\n<div class=\"wp-block-column has-nv-text-dark-bg-background-color has-background is-layout-flow wp-block-column-is-layout-flow\" style=\"flex-basis:100%\">\n<div class=\"wp-block-uagb-tabs uagb-block-f59b27bc uagb-tabs__wrap uagb-tabs__hstyle1-desktop uagb-tabs__hstyle1-tablet uagb-tabs__stack1-mobile\" data-tab-active=\"0\"><ul class=\"uagb-tabs__panel uagb-tabs__align-center\" role=\"tablist\"><li class=\"uagb-tab uagb-tabs__active\" role=\"none\"><a href=\"#uagb-tabs__tab0\" class=\"uagb-tabs-list uagb-tabs__icon-position-left\" data-tab=\"0\" role=\"tab\"><div>Yhteenveto<\/div><\/a><\/li><li class=\"uagb-tab\" role=\"none\"><a href=\"#uagb-tabs__tab1\" class=\"uagb-tabs-list uagb-tabs__icon-position-left\" data-tab=\"1\" role=\"tab\"><div>Ominaisuudet<\/div><\/a><\/li><\/ul><div class=\"uagb-tabs__body-wrap\">\n<div class=\"wp-block-uagb-tabs-child uagb-tabs__body-container uagb-inner-tab-0\" aria-labelledby=\"uagb-tabs__tab0\">\n<div id=\"wp-block-themeisle-blocks-advanced-columns-24035d6c\" class=\"wp-block-themeisle-blocks-advanced-columns has-1-columns has-desktop-equal-layout has-tablet-equal-layout has-mobile-equal-layout has-vertical-unset\"><div class=\"wp-block-themeisle-blocks-advanced-columns-overlay\"><\/div><div class=\"innerblocks-wrap\">\n<div id=\"wp-block-themeisle-blocks-advanced-column-7d69a5ae\" class=\"wp-block-themeisle-blocks-advanced-column o-sticky o-sticky-pos-top o-sticky-bhvr-keep o-sticky-scope-parent editorskit-no-tablet editorskit-no-mobile\">\n<p class=\"ticss-2e3ed5c9\"><\/p>\n<\/div>\n<\/div><\/div>\n\n\n\n<div id=\"wp-block-themeisle-blocks-advanced-columns-9a15bd78\" class=\"wp-block-themeisle-blocks-advanced-columns has-1-columns has-desktop-oneTwo-layout has-tablet-equal-layout has-mobile-collapsedRows-layout has-vertical-unset\"><div class=\"wp-block-themeisle-blocks-advanced-columns-overlay\"><\/div><div class=\"innerblocks-wrap\">\n<div id=\"wp-block-themeisle-blocks-advanced-column-54bd5a89\" class=\"wp-block-themeisle-blocks-advanced-column\">\n<p class=\"has-drop-cap ticss-f9821791\">Teko\u00e4lyyn perustuva hakuty\u00f6kalu terveydenhuollon ammattilaisille, mink\u00e4 avulla on helppo l\u00f6yt\u00e4\u00e4 virallista, julkista tietoa l\u00e4\u00e4kkeist\u00e4 yhdest\u00e4 paikasta. K\u00e4ytt\u00e4j\u00e4t voivat hakea l\u00e4\u00e4kkeit\u00e4 vaikuttavan aineen perusteella ja sovellus n\u00e4ytt\u00e4\u00e4 linkkej\u00e4 viranomaisten julkisille verkkosivustoille ja muihin virallisiin l\u00e4hteisiin. Sovellus on tarkoitettu ammattilaisten tiedonhakuun. Sit\u00e4 ei ole tarkoitettu k\u00e4ytett\u00e4v\u00e4ksi sairauksien diagnosointiin, ehk\u00e4isyyn, seurantaan tai hoitoon tai mihink\u00e4\u00e4n muuhun l\u00e4\u00e4ketieteelliseen tarkoitukseen.<\/p>\n<\/div>\n<\/div><\/div>\n\n\n\n<h2 id=\"wp-block-themeisle-blocks-advanced-heading-956ec3d0\" class=\"wp-block-themeisle-blocks-advanced-heading wp-block-themeisle-blocks-advanced-heading-956ec3d0\"><strong>Hy\u00f6dyt<\/strong><\/h2>\n\n\n\n<div class=\"wp-block-jetpack-layout-grid column1-desktop-grid__span-4 column1-desktop-grid__row-1 column2-desktop-grid__span-4 column2-desktop-grid__start-5 column2-desktop-grid__row-1 column3-desktop-grid__span-4 column3-desktop-grid__start-9 column3-desktop-grid__row-1 column1-tablet-grid__span-4 column1-tablet-grid__row-1 column2-tablet-grid__span-4 column2-tablet-grid__start-5 column2-tablet-grid__row-1 column3-tablet-grid__span-4 column3-tablet-grid__row-2 column1-mobile-grid__span-4 column1-mobile-grid__row-1 column2-mobile-grid__span-4 column2-mobile-grid__row-2 column3-mobile-grid__span-4 column3-mobile-grid__row-3\">\n<div class=\"wp-block-jetpack-layout-grid-column wp-block-jetpack-layout-grid__padding-medium\">\n<figure class=\"wp-block-image size-full\"><img loading=\"lazy\" decoding=\"async\" width=\"724\" height=\"483\" src=\"\/wp-content\/uploads\/2023\/03\/smile.jpg\" alt=\"\" class=\"wp-image-2273\" srcset=\"https:\/\/www.gillie.io\/wp-content\/uploads\/2023\/03\/smile.jpg 724w, https:\/\/www.gillie.io\/wp-content\/uploads\/2023\/03\/smile-300x200.jpg 300w, https:\/\/www.gillie.io\/wp-content\/uploads\/2023\/03\/smile-18x12.jpg 18w\" sizes=\"auto, (max-width: 724px) 100vw, 724px\" \/><figcaption class=\"wp-element-caption\"><strong><span style=\"font-size:25px\">Nopea p\u00e4\u00e4sy virallisiin l\u00e4hteisiin<\/span><\/strong><br>Kokoaa linkkej\u00e4 eri viranomaisten ja myyntiluvan haltijoiden julkisiin asiakirjoihin yhteen n\u00e4kym\u00e4\u00e4n ja ohjaa k\u00e4ytt\u00e4j\u00e4n suoraan ajantasaisiin valmisteyhteenvetoihin ja muihin virallisiin materiaaleihin<\/figcaption><\/figure>\n<\/div>\n\n\n\n<div class=\"wp-block-jetpack-layout-grid-column wp-block-jetpack-layout-grid__padding-medium\">\n<figure class=\"wp-block-image size-full\"><img loading=\"lazy\" decoding=\"async\" width=\"724\" height=\"482\" src=\"\/wp-content\/uploads\/2023\/03\/medicines.jpg\" alt=\"\" class=\"wp-image-2276\" srcset=\"https:\/\/www.gillie.io\/wp-content\/uploads\/2023\/03\/medicines.jpg 724w, https:\/\/www.gillie.io\/wp-content\/uploads\/2023\/03\/medicines-300x200.jpg 300w, https:\/\/www.gillie.io\/wp-content\/uploads\/2023\/03\/medicines-18x12.jpg 18w\" sizes=\"auto, (max-width: 724px) 100vw, 724px\" \/><figcaption class=\"wp-element-caption\"><strong><span style=\"font-size:25px\">Nopeuttaa farmaseutin ty\u00f6t\u00e4<\/span><\/strong><br>Terveydenhuollon ammattilaiset voivat k\u00e4ytt\u00e4\u00e4 samaa ty\u00f6kalua riippumatta siit\u00e4, mist\u00e4 virallisesta l\u00e4hteest\u00e4 tiedot lopulta l\u00f6ytyv\u00e4t. L\u00e4\u00e4kityksen kokonaisarviointia teht\u00e4ess\u00e4 sovellus n\u00e4ytt\u00e4\u00e4 potilaan nykyiset ja aiemmat l\u00e4\u00e4kitystiedot sek\u00e4 linkit l\u00e4hteisiin, jotka kuvaavat l\u00e4\u00e4kkeen kaikkien vaikuttavien aineiden k\u00e4ytt\u00f6\u00e4.<\/figcaption><\/figure>\n<\/div>\n\n\n\n<div class=\"wp-block-jetpack-layout-grid-column wp-block-jetpack-layout-grid__padding-medium\"><\/div>\n<\/div>\n\n\n\n<div class=\"wp-block-jetpack-layout-grid column1-desktop-grid__span-4 column1-desktop-grid__row-1 column2-desktop-grid__span-4 column2-desktop-grid__start-5 column2-desktop-grid__row-1 column3-desktop-grid__span-4 column3-desktop-grid__start-9 column3-desktop-grid__row-1 column1-tablet-grid__span-4 column1-tablet-grid__row-1 column2-tablet-grid__span-4 column2-tablet-grid__start-5 column2-tablet-grid__row-1 column3-tablet-grid__span-4 column3-tablet-grid__row-2 column1-mobile-grid__span-4 column1-mobile-grid__row-1 column2-mobile-grid__span-4 column2-mobile-grid__row-2 column3-mobile-grid__span-4 column3-mobile-grid__row-3\">\n<div class=\"wp-block-jetpack-layout-grid-column wp-block-jetpack-layout-grid__padding-medium\"><\/div>\n\n\n\n<div class=\"wp-block-jetpack-layout-grid-column wp-block-jetpack-layout-grid__padding-medium\"><\/div>\n\n\n\n<div class=\"wp-block-jetpack-layout-grid-column wp-block-jetpack-layout-grid__padding-medium\"><\/div>\n<\/div>\n<\/div>\n\n\n\n<div class=\"wp-block-uagb-tabs-child uagb-tabs__body-container uagb-inner-tab-1\" aria-labelledby=\"uagb-tabs__tab1\">\n<div class=\"wp-block-jetpack-layout-grid column1-desktop-grid__span-4 column1-desktop-grid__row-1 column2-desktop-grid__span-4 column2-desktop-grid__start-5 column2-desktop-grid__row-1 column3-desktop-grid__span-4 column3-desktop-grid__start-9 column3-desktop-grid__row-1 column1-tablet-grid__span-4 column1-tablet-grid__row-1 column2-tablet-grid__span-4 column2-tablet-grid__start-5 column2-tablet-grid__row-1 column3-tablet-grid__span-4 column3-tablet-grid__row-2 column1-mobile-grid__span-4 column1-mobile-grid__row-1 column2-mobile-grid__span-4 column2-mobile-grid__row-2 column3-mobile-grid__span-4 column3-mobile-grid__row-3\">\n<div class=\"wp-block-jetpack-layout-grid-column wp-block-jetpack-layout-grid__padding-medium\">\n<figure class=\"wp-block-image size-full\"><img loading=\"lazy\" decoding=\"async\" width=\"724\" height=\"483\" src=\"\/wp-content\/uploads\/2023\/03\/dosage.jpg\" alt=\"\" class=\"wp-image-2278\" srcset=\"https:\/\/www.gillie.io\/wp-content\/uploads\/2023\/03\/dosage.jpg 724w, https:\/\/www.gillie.io\/wp-content\/uploads\/2023\/03\/dosage-300x200.jpg 300w, https:\/\/www.gillie.io\/wp-content\/uploads\/2023\/03\/dosage-18x12.jpg 18w\" sizes=\"auto, (max-width: 724px) 100vw, 724px\" \/><figcaption class=\"wp-element-caption\"><strong><span style=\"font-size:25px\">Annostus<\/span><\/strong><br>N\u00e4ytt\u00e4\u00e4 nykyisen annostuksen ja linkit viitteisiin, jotka n\u00e4ytt\u00e4v\u00e4t vaikuttavan aineen suositellun annostuksen.<\/figcaption><\/figure>\n<\/div>\n\n\n\n<div class=\"wp-block-jetpack-layout-grid-column wp-block-jetpack-layout-grid__padding-medium\">\n<figure class=\"wp-block-image size-full\"><img loading=\"lazy\" decoding=\"async\" width=\"724\" height=\"481\" src=\"\/wp-content\/uploads\/2023\/03\/wrong_medicine.jpg\" alt=\"\" class=\"wp-image-2279\" srcset=\"https:\/\/www.gillie.io\/wp-content\/uploads\/2023\/03\/wrong_medicine.jpg 724w, https:\/\/www.gillie.io\/wp-content\/uploads\/2023\/03\/wrong_medicine-300x199.jpg 300w, https:\/\/www.gillie.io\/wp-content\/uploads\/2023\/03\/wrong_medicine-18x12.jpg 18w\" sizes=\"auto, (max-width: 724px) 100vw, 724px\" \/><figcaption class=\"wp-element-caption\"><strong><span style=\"font-size:25px\">L\u00e4\u00e4keinteraktiot<\/span><\/strong><br>N\u00e4ytt\u00e4\u00e4 linkkej\u00e4 viitteisiin, jotka osoittavat vaikuttavan aineen mahdolliset l\u00e4\u00e4keyhteisvaikutukset.<\/figcaption><\/figure>\n<\/div>\n\n\n\n<div class=\"wp-block-jetpack-layout-grid-column wp-block-jetpack-layout-grid__padding-medium\">\n<figure class=\"wp-block-image size-full\"><img loading=\"lazy\" decoding=\"async\" width=\"724\" height=\"483\" src=\"\/wp-content\/uploads\/2023\/03\/flowers-1.jpg\" alt=\"\" class=\"wp-image-2280\" srcset=\"https:\/\/www.gillie.io\/wp-content\/uploads\/2023\/03\/flowers-1.jpg 724w, https:\/\/www.gillie.io\/wp-content\/uploads\/2023\/03\/flowers-1-300x200.jpg 300w, https:\/\/www.gillie.io\/wp-content\/uploads\/2023\/03\/flowers-1-18x12.jpg 18w\" sizes=\"auto, (max-width: 724px) 100vw, 724px\" \/><figcaption class=\"wp-element-caption\"><strong><span style=\"font-size:25px\">Vasta-aiheet<\/span><\/strong><br>N\u00e4ytt\u00e4\u00e4 linkkej\u00e4 viitteisiin, jotka osoittavat vaikuttavan aineen mahdolliset vasta-aiheet.<\/figcaption><\/figure>\n<\/div>\n<\/div>\n\n\n\n<div id=\"wp-block-themeisle-blocks-advanced-columns-31abe4d3\" class=\"wp-block-themeisle-blocks-advanced-columns has-1-columns has-desktop-equal-layout has-tablet-equal-layout has-mobile-equal-layout has-vertical-unset\"><div class=\"wp-block-themeisle-blocks-advanced-columns-overlay\"><\/div><div class=\"innerblocks-wrap\">\n<div id=\"wp-block-themeisle-blocks-advanced-column-73dfbf07\" class=\"wp-block-themeisle-blocks-advanced-column\"><\/div>\n<\/div><\/div>\n\n\n\n<div class=\"wp-block-jetpack-layout-grid column1-desktop-grid__span-4 column1-desktop-grid__row-1 column2-desktop-grid__span-4 column2-desktop-grid__start-5 column2-desktop-grid__row-1 column3-desktop-grid__span-4 column3-desktop-grid__start-9 column3-desktop-grid__row-1 column1-tablet-grid__span-4 column1-tablet-grid__row-1 column2-tablet-grid__span-4 column2-tablet-grid__start-5 column2-tablet-grid__row-1 column3-tablet-grid__span-4 column3-tablet-grid__row-2 column1-mobile-grid__span-4 column1-mobile-grid__row-1 column2-mobile-grid__span-4 column2-mobile-grid__row-2 column3-mobile-grid__span-4 column3-mobile-grid__row-3\">\n<div class=\"wp-block-jetpack-layout-grid-column wp-block-jetpack-layout-grid__padding-medium\">\n<figure class=\"wp-block-image size-full\"><img loading=\"lazy\" decoding=\"async\" width=\"724\" height=\"483\" src=\"\/wp-content\/uploads\/2023\/03\/calendar_image.jpg\" alt=\"\" class=\"wp-image-2281\" srcset=\"https:\/\/www.gillie.io\/wp-content\/uploads\/2023\/03\/calendar_image.jpg 724w, https:\/\/www.gillie.io\/wp-content\/uploads\/2023\/03\/calendar_image-300x200.jpg 300w, https:\/\/www.gillie.io\/wp-content\/uploads\/2023\/03\/calendar_image-18x12.jpg 18w\" sizes=\"auto, (max-width: 724px) 100vw, 724px\" \/><figcaption class=\"wp-element-caption\"><strong><span style=\"font-size:25px\">Kesto<\/span><\/strong><br>N\u00e4ytt\u00e4\u00e4 nykyisen keston ja linkit viitteisiin, jotka osoittavat vaikuttavan aineen suositellun keston.<\/figcaption><\/figure>\n<\/div>\n\n\n\n<div class=\"wp-block-jetpack-layout-grid-column wp-block-jetpack-layout-grid__padding-medium\">\n<figure class=\"wp-block-image size-full\"><img loading=\"lazy\" decoding=\"async\" width=\"848\" height=\"565\" src=\"\/wp-content\/uploads\/2023\/03\/ambulance.jpg\" alt=\"\" class=\"wp-image-2282\" srcset=\"https:\/\/www.gillie.io\/wp-content\/uploads\/2023\/03\/ambulance.jpg 848w, https:\/\/www.gillie.io\/wp-content\/uploads\/2023\/03\/ambulance-300x200.jpg 300w, https:\/\/www.gillie.io\/wp-content\/uploads\/2023\/03\/ambulance-768x512.jpg 768w, https:\/\/www.gillie.io\/wp-content\/uploads\/2023\/03\/ambulance-18x12.jpg 18w\" sizes=\"auto, (max-width: 848px) 100vw, 848px\" \/><figcaption class=\"wp-element-caption\"><strong><span style=\"font-size:25px\">Haittavaikutukset<\/span><\/strong><br>N\u00e4ytt\u00e4\u00e4 linkkej\u00e4 viitteisiin, jotka osoittavat vaikuttavan aineen haittavaikutukset.<\/figcaption><\/figure>\n<\/div>\n\n\n\n<div class=\"wp-block-jetpack-layout-grid-column wp-block-jetpack-layout-grid__padding-medium\">\n<figure class=\"wp-block-image size-full\"><img loading=\"lazy\" decoding=\"async\" width=\"724\" height=\"482\" src=\"\/wp-content\/uploads\/2023\/03\/kidney.jpg\" alt=\"\" class=\"wp-image-2283\" srcset=\"https:\/\/www.gillie.io\/wp-content\/uploads\/2023\/03\/kidney.jpg 724w, https:\/\/www.gillie.io\/wp-content\/uploads\/2023\/03\/kidney-300x200.jpg 300w, https:\/\/www.gillie.io\/wp-content\/uploads\/2023\/03\/kidney-18x12.jpg 18w\" sizes=\"auto, (max-width: 724px) 100vw, 724px\" \/><figcaption class=\"wp-element-caption\"><strong><span style=\"font-size:25px\">Munuaisten vajaatoiminta<\/span><\/strong><br>N\u00e4ytt\u00e4\u00e4 linkkej\u00e4 viitteisiin, jotka osoittavat vaikuttavan aineen k\u00e4yt\u00f6n ja annostuksen munuaisten vajaatoiminnassa.<\/figcaption><\/figure>\n<\/div>\n<\/div>\n\n\n\n<div id=\"wp-block-themeisle-blocks-advanced-columns-1262a205\" class=\"wp-block-themeisle-blocks-advanced-columns has-1-columns has-desktop-equal-layout has-tablet-equal-layout has-mobile-equal-layout has-vertical-unset\"><div class=\"wp-block-themeisle-blocks-advanced-columns-overlay\"><\/div><div class=\"innerblocks-wrap\">\n<div id=\"wp-block-themeisle-blocks-advanced-column-d9b5eaeb\" class=\"wp-block-themeisle-blocks-advanced-column\"><\/div>\n<\/div><\/div>\n\n\n\n<div class=\"wp-block-jetpack-layout-grid column1-desktop-grid__span-4 column1-desktop-grid__row-1 column2-desktop-grid__span-4 column2-desktop-grid__start-5 column2-desktop-grid__row-1 column3-desktop-grid__span-4 column3-desktop-grid__start-9 column3-desktop-grid__row-1 column1-tablet-grid__span-4 column1-tablet-grid__row-1 column2-tablet-grid__span-4 column2-tablet-grid__start-5 column2-tablet-grid__row-1 column3-tablet-grid__span-4 column3-tablet-grid__row-2 column1-mobile-grid__span-4 column1-mobile-grid__row-1 column2-mobile-grid__span-4 column2-mobile-grid__row-2 column3-mobile-grid__span-4 column3-mobile-grid__row-3\">\n<div class=\"wp-block-jetpack-layout-grid-column ticss-c62c1b13 wp-block-jetpack-layout-grid__padding-medium\">\n<figure class=\"wp-block-image size-full\"><img loading=\"lazy\" decoding=\"async\" width=\"724\" height=\"482\" src=\"\/wp-content\/uploads\/2023\/03\/liver-1.jpg\" alt=\"\" class=\"wp-image-2284\" srcset=\"https:\/\/www.gillie.io\/wp-content\/uploads\/2023\/03\/liver-1.jpg 724w, https:\/\/www.gillie.io\/wp-content\/uploads\/2023\/03\/liver-1-300x200.jpg 300w, https:\/\/www.gillie.io\/wp-content\/uploads\/2023\/03\/liver-1-18x12.jpg 18w\" sizes=\"auto, (max-width: 724px) 100vw, 724px\" \/><figcaption class=\"wp-element-caption\"><strong><span style=\"font-size:25px\">Maksan vajaatoiminta<\/span><\/strong><br>N\u00e4ytt\u00e4\u00e4 linkkej\u00e4 viitteisiin, jotka osoittavat vaikuttavan aineen k\u00e4yt\u00f6n ja annostuksen maksan vajaatoiminnan yhteydess\u00e4.<\/figcaption><\/figure>\n<\/div>\n\n\n\n<div class=\"wp-block-jetpack-layout-grid-column wp-block-jetpack-layout-grid__padding-medium\">\n<figure class=\"wp-block-image size-full\"><img loading=\"lazy\" decoding=\"async\" width=\"724\" height=\"483\" src=\"\/wp-content\/uploads\/2023\/03\/elderly.jpg\" alt=\"\" class=\"wp-image-2285\" srcset=\"https:\/\/www.gillie.io\/wp-content\/uploads\/2023\/03\/elderly.jpg 724w, https:\/\/www.gillie.io\/wp-content\/uploads\/2023\/03\/elderly-300x200.jpg 300w, https:\/\/www.gillie.io\/wp-content\/uploads\/2023\/03\/elderly-18x12.jpg 18w\" sizes=\"auto, (max-width: 724px) 100vw, 724px\" \/><figcaption class=\"wp-element-caption\"><strong><span style=\"font-size:25px\">Soveltuvuus i\u00e4kk\u00e4ille<\/span><\/strong><br>N\u00e4ytt\u00e4\u00e4 linkkej\u00e4 viitteisiin, jotka osoittavat vaikuttavan aineen soveltuvuuden ik\u00e4\u00e4ntyneille.<\/figcaption><\/figure>\n<\/div>\n\n\n\n<div class=\"wp-block-jetpack-layout-grid-column wp-block-jetpack-layout-grid__padding-medium\"><\/div>\n<\/div>\n\n\n\n<div id=\"wp-block-themeisle-blocks-advanced-columns-95f2e759\" class=\"wp-block-themeisle-blocks-advanced-columns has-1-columns has-desktop-equal-layout has-tablet-equal-layout has-mobile-equal-layout has-vertical-unset\"><div class=\"wp-block-themeisle-blocks-advanced-columns-overlay\"><\/div><div class=\"innerblocks-wrap\">\n<div id=\"wp-block-themeisle-blocks-advanced-column-468dee71\" class=\"wp-block-themeisle-blocks-advanced-column\"><\/div>\n<\/div><\/div>\n\n\n\n<div class=\"wp-block-jetpack-layout-grid column1-desktop-grid__span-4 column1-desktop-grid__row-1 column2-desktop-grid__span-4 column2-desktop-grid__start-5 column2-desktop-grid__row-1 column3-desktop-grid__span-4 column3-desktop-grid__start-9 column3-desktop-grid__row-1 column1-tablet-grid__span-4 column1-tablet-grid__row-1 column2-tablet-grid__span-4 column2-tablet-grid__start-5 column2-tablet-grid__row-1 column3-tablet-grid__span-8 column3-tablet-grid__row-2 column1-mobile-grid__span-4 column1-mobile-grid__row-1 column2-mobile-grid__span-4 column2-mobile-grid__row-2 column3-mobile-grid__span-4 column3-mobile-grid__row-3\">\n<div class=\"wp-block-jetpack-layout-grid-column wp-block-jetpack-layout-grid__padding-medium\"><\/div>\n\n\n\n<div class=\"wp-block-jetpack-layout-grid-column wp-block-jetpack-layout-grid__padding-none\"><\/div>\n\n\n\n<div class=\"wp-block-jetpack-layout-grid-column wp-block-jetpack-layout-grid__padding-none\"><\/div>\n<\/div>\n<\/div>\n<\/div><\/div>\n<\/div>\n<\/div>","protected":false},"excerpt":{"rendered":"","protected":false},"author":226723938,"featured_media":0,"parent":0,"menu_order":0,"comment_status":"closed","ping_status":"closed","template":"","meta":{"_uag_custom_page_level_css":"","neve_meta_sidebar":"","neve_meta_container":"","neve_meta_enable_content_width":"off","neve_meta_content_width":100,"neve_meta_title_alignment":"","neve_meta_author_avatar":"","neve_post_elements_order":"","neve_meta_disable_header":"","neve_meta_disable_footer":"","neve_meta_disable_title":"","neve_meta_reading_time":"","_themeisle_gutenberg_block_has_review":false,"footnotes":""},"class_list":["post-1596","page","type-page","status-publish","hentry"],"uagb_featured_image_src":{"full":false,"thumbnail":false,"medium":false,"medium_large":false,"large":false,"1536x1536":false,"2048x2048":false,"trp-custom-language-flag":false,"neve-blog":false},"uagb_author_info":{"display_name":"gillieai","author_link":"https:\/\/www.gillie.io\/fi\/author\/gillieai\/"},"uagb_comment_info":0,"uagb_excerpt":null,"_links":{"self":[{"href":"https:\/\/www.gillie.io\/fi\/wp-json\/wp\/v2\/pages\/1596","targetHints":{"allow":["GET"]}}],"collection":[{"href":"https:\/\/www.gillie.io\/fi\/wp-json\/wp\/v2\/pages"}],"about":[{"href":"https:\/\/www.gillie.io\/fi\/wp-json\/wp\/v2\/types\/page"}],"author":[{"embeddable":true,"href":"https:\/\/www.gillie.io\/fi\/wp-json\/wp\/v2\/users\/226723938"}],"replies":[{"embeddable":true,"href":"https:\/\/www.gillie.io\/fi\/wp-json\/wp\/v2\/comments?post=1596"}],"version-history":[{"count":57,"href":"https:\/\/www.gillie.io\/fi\/wp-json\/wp\/v2\/pages\/1596\/revisions"}],"predecessor-version":[{"id":2959,"href":"https:\/\/www.gillie.io\/fi\/wp-json\/wp\/v2\/pages\/1596\/revisions\/2959"}],"wp:attachment":[{"href":"https:\/\/www.gillie.io\/fi\/wp-json\/wp\/v2\/media?parent=1596"}],"curies":[{"name":"wp","href":"https:\/\/api.w.org\/{rel}","templated":true}]}}